{"id":61,"date":"2021-02-25T17:10:27","date_gmt":"2021-02-25T16:10:27","guid":{"rendered":"https:\/\/saveurs-du-tregor.projets-sh.enssat.fr\/?page_id=61"},"modified":"2021-04-05T14:38:01","modified_gmt":"2021-04-05T12:38:01","slug":"galette-de-sarrasin-aux-oignons-confits-et-lard-facon-tortilla","status":"publish","type":"page","link":"https:\/\/saveurs-du-tregor.projets-sh.enssat.fr\/index.php\/galette-de-sarrasin-aux-oignons-confits-et-lard-facon-tortilla\/","title":{"rendered":"Galette de sarrasin aux oignons confits et lard fa\u00e7on tortilla"},"content":{"rendered":"\n<div class=\"wp-block-group\"><div class=\"wp-block-group__inner-container is-layout-flow wp-block-group-is-layout-flow\">\n<div class=\"wp-block-columns is-layout-flex wp-container-core-columns-is-layout-9d6595d7 wp-block-columns-is-layout-flex\">\n<div class=\"wp-block-column is-vertically-aligned-top is-layout-flow wp-block-column-is-layout-flow\">\n<h3 class=\"wp-block-heading\"><span style=\"color:#ff9900\" class=\"has-inline-color\">Informations<\/span><\/h3>\n\n\n\n<ul class=\"wp-block-list\" id=\"block-6aadff6e-555e-4a54-b471-d8cd10a0c47e\"><li><strong>Pr\u00e9paration<\/strong> : 30 min<\/li><li><strong>Cuisson <\/strong>: 30 min<\/li><li><strong>Difficult\u00e9 <\/strong>: facile<\/li><li>Quantit\u00e9s pour une tortilla<\/li><li>Repas pour 2 personnes<\/li><\/ul>\n<\/div>\n\n\n\n<div class=\"wp-block-column is-layout-flow wp-block-column-is-layout-flow\">\n<h3 class=\"wp-block-heading\" id=\"block-7c668fc9-6b22-4378-bb9c-7baf41eada75\"><span style=\"color:#ff9900\" class=\"has-inline-color\">Ingr\u00e9dients <\/span><\/h3>\n\n\n\n<ul class=\"wp-block-list\" id=\"block-a8ce76fe-d328-4666-927b-f3e1ae419972\"><li>2 galettes de sarrasin<\/li><li>250g de poitrine de porc\/lardons <\/li><li>6 oignons de Roscoff<\/li><li>6 \u0153ufs<\/li><\/ul>\n<\/div>\n<\/div>\n<\/div><\/div>\n\n\n\n<h3 class=\"wp-block-heading\" id=\"block-9f3e986e-c43a-46ac-9457-ba3e7325169a\"><span style=\"color:#ff9900\" class=\"has-inline-color\">Description<\/span><\/h3>\n\n\n\n<p id=\"block-58339344-a177-4f64-98b6-85e004c48019\">La bretagne revisite les tortillas avec Saveurs du Tr\u00e9gor et vous propose sa version originale ! La galette de sarrasin associ\u00e9e \u00e0 des produits locaux comme les oignons de Roscoff pour une authenticit\u00e9 in\u00e9gal\u00e9e. Rapide simple et efficace, nous souhaitons que ce plat devienne un incontournable de la gastronomie \u00e9tudiante.<\/p>\n\n\n\n<p>Si vous souhaitez suivre cette recette pendant l&rsquo;\u00e9v\u00e9nement, nous vous sugg\u00e9rons de suivre les quelques \u00e9tapes pr\u00e9alables avant le d\u00e9but de la recette, afin d&rsquo;\u00eatre pr\u00eat le moment venu !<\/p>\n\n\n\n<h3 class=\"wp-block-heading\" id=\"block-9f3e986e-c43a-46ac-9457-ba3e7325169a\"><span style=\"color:#ff9900\" class=\"has-inline-color\">Pr\u00e9paration pr\u00e9alable<\/span><\/h3>\n\n\n\n<ul class=\"wp-block-list\"><li>Eplucher les oignons et les \u00e9mincer finement <\/li><li>D\u00e9couper l&rsquo;une des galettes pour qu&rsquo;elle couvre le fond de po\u00eale<\/li><\/ul>\n","protected":false},"excerpt":{"rendered":"<p>Informations Pr\u00e9paration : 30 min Cuisson : 30 min Difficult\u00e9 : facile Quantit\u00e9s pour une tortilla Repas pour 2 personnes Ingr\u00e9dients 2 galettes de sarrasin 250g de poitrine de porc\/lardons 6 oignons de Roscoff 6 \u0153ufs Description La bretagne revisite les tortillas avec Saveurs du Tr\u00e9gor et vous propose sa version originale ! La galette &#8230; <a title=\"Galette de sarrasin aux oignons confits et lard fa\u00e7on tortilla\" class=\"read-more\" href=\"https:\/\/saveurs-du-tregor.projets-sh.enssat.fr\/index.php\/galette-de-sarrasin-aux-oignons-confits-et-lard-facon-tortilla\/\">Read more<span class=\"screen-reader-text\">Galette de sarrasin aux oignons confits et lard fa\u00e7on tortilla<\/span><\/a><\/p>\n","protected":false},"author":3,"featured_media":0,"parent":0,"menu_order":0,"comment_status":"closed","ping_status":"closed","template":"","meta":{"footnotes":""},"class_list":["post-61","page","type-page","status-publish"],"_links":{"self":[{"href":"https:\/\/saveurs-du-tregor.projets-sh.enssat.fr\/index.php\/wp-json\/wp\/v2\/pages\/61","targetHints":{"allow":["GET"]}}],"collection":[{"href":"https:\/\/saveurs-du-tregor.projets-sh.enssat.fr\/index.php\/wp-json\/wp\/v2\/pages"}],"about":[{"href":"https:\/\/saveurs-du-tregor.projets-sh.enssat.fr\/index.php\/wp-json\/wp\/v2\/types\/page"}],"author":[{"embeddable":true,"href":"https:\/\/saveurs-du-tregor.projets-sh.enssat.fr\/index.php\/wp-json\/wp\/v2\/users\/3"}],"replies":[{"embeddable":true,"href":"https:\/\/saveurs-du-tregor.projets-sh.enssat.fr\/index.php\/wp-json\/wp\/v2\/comments?post=61"}],"version-history":[{"count":2,"href":"https:\/\/saveurs-du-tregor.projets-sh.enssat.fr\/index.php\/wp-json\/wp\/v2\/pages\/61\/revisions"}],"predecessor-version":[{"id":120,"href":"https:\/\/saveurs-du-tregor.projets-sh.enssat.fr\/index.php\/wp-json\/wp\/v2\/pages\/61\/revisions\/120"}],"wp:attachment":[{"href":"https:\/\/saveurs-du-tregor.projets-sh.enssat.fr\/index.php\/wp-json\/wp\/v2\/media?parent=61"}],"curies":[{"name":"wp","href":"https:\/\/api.w.org\/{rel}","templated":true}]}}