{"id":63,"date":"2021-02-25T17:28:57","date_gmt":"2021-02-25T16:28:57","guid":{"rendered":"https:\/\/saveurs-du-tregor.projets-sh.enssat.fr\/?page_id=63"},"modified":"2021-04-05T15:10:35","modified_gmt":"2021-04-05T13:10:35","slug":"supreme-de-poulet-fermier-au-cidre","status":"publish","type":"page","link":"https:\/\/saveurs-du-tregor.projets-sh.enssat.fr\/index.php\/supreme-de-poulet-fermier-au-cidre\/","title":{"rendered":"Supr\u00eame de poulet fermier au cidre"},"content":{"rendered":"\n<div class=\"wp-block-group\"><div class=\"wp-block-group__inner-container is-layout-flow wp-block-group-is-layout-flow\">\n<div class=\"wp-block-columns is-layout-flex wp-container-core-columns-is-layout-9d6595d7 wp-block-columns-is-layout-flex\">\n<div class=\"wp-block-column is-vertically-aligned-top is-layout-flow wp-block-column-is-layout-flow\">\n<h3 class=\"wp-block-heading\"><span style=\"color:#ff9900\" class=\"has-inline-color\">Informations<\/span><\/h3>\n\n\n\n<ul class=\"wp-block-list\" id=\"block-6aadff6e-555e-4a54-b471-d8cd10a0c47e\"><li><strong>Pr\u00e9paration<\/strong> : 20 min<\/li><li><strong>Cuisson <\/strong>: 40 min<\/li><li><strong>Difficult\u00e9 <\/strong>: facile<\/li><li>Pr\u00e9paration pour 2 personnes<\/li><\/ul>\n<\/div>\n\n\n\n<div class=\"wp-block-column is-layout-flow wp-block-column-is-layout-flow\">\n<h3 class=\"wp-block-heading\" id=\"block-7c668fc9-6b22-4378-bb9c-7baf41eada75\"><span style=\"color:#ff9900\" class=\"has-inline-color\">Ingr\u00e9dients <\/span><\/h3>\n\n\n\n<ul class=\"wp-block-list\" id=\"block-a8ce76fe-d328-4666-927b-f3e1ae419972\"><li>2 supr\u00eames de poulet<\/li><li>2 pommes<\/li><li>1 bouteille de cidre brut\/bouch\u00e9<\/li><li>1 oignon de Roscoff<\/li><li>1 brique de cr\u00e8me \u00e9paisse (~25cl)<\/li><\/ul>\n<\/div>\n<\/div>\n<\/div><\/div>\n\n\n\n<h3 class=\"wp-block-heading\" id=\"block-9f3e986e-c43a-46ac-9457-ba3e7325169a\"><span style=\"color:#ff9900\" class=\"has-inline-color\">Description<\/span><\/h3>\n\n\n\n<p id=\"block-58339344-a177-4f64-98b6-85e004c48019\">Ce plat met \u00e0 l&rsquo;honneur le cidre ! Cuisinez un supr\u00eame de poulet au cidre facilement  et pour pas cher. La recette que nous proposons permettra de varier les plaisirs de la vie \u00e9tudiante et de vous r\u00e9galer apr\u00e8s une dure journ\u00e9e.<\/p>\n\n\n\n<p>Si vous souhaitez suivre cette recette pendant l&rsquo;\u00e9v\u00e9nement, nous vous sugg\u00e9rons de suivre les quelques \u00e9tapes pr\u00e9alables avant le d\u00e9but de la recette, afin d&rsquo;\u00eatre pr\u00eat le moment venu !<\/p>\n\n\n\n<h3 class=\"wp-block-heading\" id=\"block-9f3e986e-c43a-46ac-9457-ba3e7325169a\"><span style=\"color:#ff9900\" class=\"has-inline-color\">Pr\u00e9paration pr\u00e9alable<\/span><\/h3>\n\n\n\n<ul class=\"wp-block-list\"><li>Laver, \u00e9plucher et ciseler finement l&rsquo;oignon<\/li><li>Couper les pommes en 8 quartiers et les \u00e9p\u00e9piner <\/li><\/ul>\n","protected":false},"excerpt":{"rendered":"<p>Informations Pr\u00e9paration : 20 min Cuisson : 40 min Difficult\u00e9 : facile Pr\u00e9paration pour 2 personnes Ingr\u00e9dients 2 supr\u00eames de poulet 2 pommes 1 bouteille de cidre brut\/bouch\u00e9 1 oignon de Roscoff 1 brique de cr\u00e8me \u00e9paisse (~25cl) Description Ce plat met \u00e0 l&rsquo;honneur le cidre ! Cuisinez un supr\u00eame de poulet au cidre facilement &#8230; <a title=\"Supr\u00eame de poulet fermier au cidre\" class=\"read-more\" href=\"https:\/\/saveurs-du-tregor.projets-sh.enssat.fr\/index.php\/supreme-de-poulet-fermier-au-cidre\/\">Read more<span class=\"screen-reader-text\">Supr\u00eame de poulet fermier au cidre<\/span><\/a><\/p>\n","protected":false},"author":3,"featured_media":0,"parent":0,"menu_order":0,"comment_status":"closed","ping_status":"closed","template":"","meta":{"footnotes":""},"class_list":["post-63","page","type-page","status-publish"],"_links":{"self":[{"href":"https:\/\/saveurs-du-tregor.projets-sh.enssat.fr\/index.php\/wp-json\/wp\/v2\/pages\/63","targetHints":{"allow":["GET"]}}],"collection":[{"href":"https:\/\/saveurs-du-tregor.projets-sh.enssat.fr\/index.php\/wp-json\/wp\/v2\/pages"}],"about":[{"href":"https:\/\/saveurs-du-tregor.projets-sh.enssat.fr\/index.php\/wp-json\/wp\/v2\/types\/page"}],"author":[{"embeddable":true,"href":"https:\/\/saveurs-du-tregor.projets-sh.enssat.fr\/index.php\/wp-json\/wp\/v2\/users\/3"}],"replies":[{"embeddable":true,"href":"https:\/\/saveurs-du-tregor.projets-sh.enssat.fr\/index.php\/wp-json\/wp\/v2\/comments?post=63"}],"version-history":[{"count":3,"href":"https:\/\/saveurs-du-tregor.projets-sh.enssat.fr\/index.php\/wp-json\/wp\/v2\/pages\/63\/revisions"}],"predecessor-version":[{"id":128,"href":"https:\/\/saveurs-du-tregor.projets-sh.enssat.fr\/index.php\/wp-json\/wp\/v2\/pages\/63\/revisions\/128"}],"wp:attachment":[{"href":"https:\/\/saveurs-du-tregor.projets-sh.enssat.fr\/index.php\/wp-json\/wp\/v2\/media?parent=63"}],"curies":[{"name":"wp","href":"https:\/\/api.w.org\/{rel}","templated":true}]}}